{"id":21,"date":"2020-03-30T19:20:37","date_gmt":"2020-03-30T19:20:37","guid":{"rendered":"https:\/\/pilatesrheingau.de\/?page_id=21"},"modified":"2021-05-16T18:17:47","modified_gmt":"2021-05-16T18:17:47","slug":"kurse","status":"publish","type":"page","link":"https:\/\/pilatesrheingau.de\/?page_id=21","title":{"rendered":"Kurse"},"content":{"rendered":"<p><img loading=\"lazy\" decoding=\"async\" class=\"size-medium wp-image-18 aligncenter\" src=\"https:\/\/pilatesrheingau.de\/wp-content\/uploads\/2020\/03\/Position_des_Kindes-300x200.jpg\" alt=\"\" width=\"300\" height=\"200\" srcset=\"https:\/\/pilatesrheingau.de\/wp-content\/uploads\/2020\/03\/Position_des_Kindes-300x200.jpg 300w, https:\/\/pilatesrheingau.de\/wp-content\/uploads\/2020\/03\/Position_des_Kindes-1024x683.jpg 1024w, https:\/\/pilatesrheingau.de\/wp-content\/uploads\/2020\/03\/Position_des_Kindes-768x512.jpg 768w, https:\/\/pilatesrheingau.de\/wp-content\/uploads\/2020\/03\/Position_des_Kindes-1536x1024.jpg 1536w, https:\/\/pilatesrheingau.de\/wp-content\/uploads\/2020\/03\/Position_des_Kindes-2048x1365.jpg 2048w\" sizes=\"auto, (max-width: 300px) 100vw, 300px\" \/><\/p>\n<p>&nbsp;<\/p>\n<p><a href=\"https:\/\/pilatesrheingau.de\/?page_id=27\" target=\"_blank\" rel=\"noopener noreferrer\">Hier geht es zu meinen Kursen f\u00fcr werdende M\u00fctter.<\/a><\/p>\n<p><a href=\"https:\/\/pilatesrheingau.de\/?page_id=25\" target=\"_blank\" rel=\"noopener noreferrer\">Hier findet ihr meine Anf\u00e4nger und Fortgeschrittenen Kurse.<\/a><\/p>\n<p>&nbsp;<\/p>\n","protected":false},"excerpt":{"rendered":"<p>&nbsp; Hier geht es zu meinen Kursen f\u00fcr werdende M\u00fctter. Hier findet ihr meine Anf\u00e4nger und Fortgeschrittenen Kurse. &nbsp;<\/p>\n","protected":false},"author":1,"featured_media":0,"parent":0,"menu_order":0,"comment_status":"closed","ping_status":"closed","template":"","meta":{"footnotes":""},"class_list":["post-21","page","type-page","status-publish","hentry"],"_links":{"self":[{"href":"https:\/\/pilatesrheingau.de\/index.php?rest_route=\/wp\/v2\/pages\/21","targetHints":{"allow":["GET"]}}],"collection":[{"href":"https:\/\/pilatesrheingau.de\/index.php?rest_route=\/wp\/v2\/pages"}],"about":[{"href":"https:\/\/pilatesrheingau.de\/index.php?rest_route=\/wp\/v2\/types\/page"}],"author":[{"embeddable":true,"href":"https:\/\/pilatesrheingau.de\/index.php?rest_route=\/wp\/v2\/users\/1"}],"replies":[{"embeddable":true,"href":"https:\/\/pilatesrheingau.de\/index.php?rest_route=%2Fwp%2Fv2%2Fcomments&post=21"}],"version-history":[{"count":5,"href":"https:\/\/pilatesrheingau.de\/index.php?rest_route=\/wp\/v2\/pages\/21\/revisions"}],"predecessor-version":[{"id":100,"href":"https:\/\/pilatesrheingau.de\/index.php?rest_route=\/wp\/v2\/pages\/21\/revisions\/100"}],"wp:attachment":[{"href":"https:\/\/pilatesrheingau.de\/index.php?rest_route=%2Fwp%2Fv2%2Fmedia&parent=21"}],"curies":[{"name":"wp","href":"https:\/\/api.w.org\/{rel}","templated":true}]}}