{"id":29,"date":"2020-03-30T19:29:13","date_gmt":"2020-03-30T19:29:13","guid":{"rendered":"https:\/\/pilatesrheingau.de\/?page_id=29"},"modified":"2024-03-08T07:13:01","modified_gmt":"2024-03-08T07:13:01","slug":"ueber-mich","status":"publish","type":"page","link":"https:\/\/pilatesrheingau.de\/","title":{"rendered":"\u00dcber mich"},"content":{"rendered":"<p><img loading=\"lazy\" decoding=\"async\" class=\"size-medium wp-image-14 aligncenter\" src=\"https:\/\/pilatesrheingau.de\/wp-content\/uploads\/2020\/03\/Julia2-300x200.png\" alt=\"\" width=\"300\" height=\"200\" srcset=\"https:\/\/pilatesrheingau.de\/wp-content\/uploads\/2020\/03\/Julia2-300x200.png 300w, https:\/\/pilatesrheingau.de\/wp-content\/uploads\/2020\/03\/Julia2-1024x683.png 1024w, https:\/\/pilatesrheingau.de\/wp-content\/uploads\/2020\/03\/Julia2-768x512.png 768w, https:\/\/pilatesrheingau.de\/wp-content\/uploads\/2020\/03\/Julia2-1536x1024.png 1536w, https:\/\/pilatesrheingau.de\/wp-content\/uploads\/2020\/03\/Julia2-2048x1365.png 2048w\" sizes=\"auto, (max-width: 300px) 100vw, 300px\" \/><\/p>\n<p>Mein Name ist Julia Hesse. 1987 geboren und in Eltville am Rhein aufgewachsen, lebe ich heute mit meinem Mann und meinen beiden Kindern (*2013 und *2017) im sch\u00f6nen Walluf.<\/p>\n<p>Neben meinem Beruf als B\u00fcrosachbearbeiterin habe ich mich im Jahr 2017 als Pilatestrainerin (A-Lizenz) selbstst\u00e4ndig gemacht. 2020 habe ich zus\u00e4tzlich eine Fortbildung zum Entspannungscoach begonnen, um noch mehr auf diesen Aspekt eingehen zu k\u00f6nnen. W\u00e4hrend der R\u00fcckbildung nach der Geburt meiner Kinder lernte ich die positiven Effekte des Pilatestrainings kennen und war sofort von dieser sanften aber sehr effektiven Sportart begeistert. Seitdem leite ich mit viel Freude Pilateskurse in Kooperation mit der Hebammerei Rheingau. Besonders sch\u00f6n finde ich, dass ich den Teilnehmerinnen oft bei typischen Beschwerden, wie R\u00fcckenschmerzen oder Beckenbodenproblemen, helfen kann.<\/p>\n<p>Ich freue mich auf viele sch\u00f6ne Stunden mit euch!<\/p>\n<p>&nbsp;<\/p>\n<p><img loading=\"lazy\" decoding=\"async\" class=\"alignnone size-medium wp-image-148\" src=\"https:\/\/pilatesrheingau.de\/wp-content\/uploads\/2024\/03\/9DF26E89-EA06-41EF-A8B8-3A5106C45E7D-225x300.jpeg\" alt=\"\" width=\"225\" height=\"300\" srcset=\"https:\/\/pilatesrheingau.de\/wp-content\/uploads\/2024\/03\/9DF26E89-EA06-41EF-A8B8-3A5106C45E7D-225x300.jpeg 225w, https:\/\/pilatesrheingau.de\/wp-content\/uploads\/2024\/03\/9DF26E89-EA06-41EF-A8B8-3A5106C45E7D-768x1024.jpeg 768w, https:\/\/pilatesrheingau.de\/wp-content\/uploads\/2024\/03\/9DF26E89-EA06-41EF-A8B8-3A5106C45E7D-1152x1536.jpeg 1152w, https:\/\/pilatesrheingau.de\/wp-content\/uploads\/2024\/03\/9DF26E89-EA06-41EF-A8B8-3A5106C45E7D.jpeg 1200w\" sizes=\"auto, (max-width: 225px) 100vw, 225px\" \/><\/p>\n","protected":false},"excerpt":{"rendered":"<p>Mein Name ist Julia Hesse. 1987 geboren und in Eltville am Rhein aufgewachsen, lebe ich heute mit meinem Mann und meinen beiden Kindern (*2013 und *2017) im sch\u00f6nen Walluf. Neben meinem Beruf als B\u00fcrosachbearbeiterin habe ich mich im Jahr 2017<\/p>\n","protected":false},"author":1,"featured_media":0,"parent":0,"menu_order":0,"comment_status":"closed","ping_status":"closed","template":"","meta":{"footnotes":""},"class_list":["post-29","page","type-page","status-publish","hentry"],"_links":{"self":[{"href":"https:\/\/pilatesrheingau.de\/index.php?rest_route=\/wp\/v2\/pages\/29","targetHints":{"allow":["GET"]}}],"collection":[{"href":"https:\/\/pilatesrheingau.de\/index.php?rest_route=\/wp\/v2\/pages"}],"about":[{"href":"https:\/\/pilatesrheingau.de\/index.php?rest_route=\/wp\/v2\/types\/page"}],"author":[{"embeddable":true,"href":"https:\/\/pilatesrheingau.de\/index.php?rest_route=\/wp\/v2\/users\/1"}],"replies":[{"embeddable":true,"href":"https:\/\/pilatesrheingau.de\/index.php?rest_route=%2Fwp%2Fv2%2Fcomments&post=29"}],"version-history":[{"count":5,"href":"https:\/\/pilatesrheingau.de\/index.php?rest_route=\/wp\/v2\/pages\/29\/revisions"}],"predecessor-version":[{"id":149,"href":"https:\/\/pilatesrheingau.de\/index.php?rest_route=\/wp\/v2\/pages\/29\/revisions\/149"}],"wp:attachment":[{"href":"https:\/\/pilatesrheingau.de\/index.php?rest_route=%2Fwp%2Fv2%2Fmedia&parent=29"}],"curies":[{"name":"wp","href":"https:\/\/api.w.org\/{rel}","templated":true}]}}